{"id":24082,"date":"2023-07-17T13:00:37","date_gmt":"2023-07-17T10:00:37","guid":{"rendered":"https:\/\/purjereisid.veebihai.com\/piletid\/ancient-lights-night-sailing-trip-on-tallinn-bay\/"},"modified":"2025-08-25T12:05:51","modified_gmt":"2025-08-25T09:05:51","slug":"ancient-lights-night-sailing-trip-on-tallinn-bay","status":"publish","type":"product","link":"https:\/\/purjereisid.ee\/en\/piletid\/ancient-lights-night-sailing-trip-on-tallinn-bay\/","title":{"rendered":"Ancient lights night sailing trip on Tallinn Bay"},"content":{"rendered":"<p>Korraldame juba \u00fcle k\u00fcmne aasta j\u00e4rjest Muinastulede \u00f6\u00f6l Tallinna lahel jahis\u00f5ite. V\u00e4ljumised toimuvad Noblessneri jahisadamast. Tule ja vaata, kuidas Muinastuled meie esivanematele merelt paistsid!<\/p>\n<ul>\n<li>Alustame s\u00f5itu Noblessneri jahisadamast, kust p\u00f5ikame edasi Lennusadamasse, teeme seal v\u00e4ikese ringi ning suundume Kalasadamasse. Kui oleme seal v\u00e4ikese tiiru teinud k\u00f5ik koos, suundume edasi Pirita sadama suunas ja sealt tagasi Noblessnerisse. Kogu ring v\u00f5tab aega umbes 2h.<\/li>\n<li>Lennusadamas toimuvad ka erinevad muusikalised elamused, mida l\u00e4hme jahtidega korraks uudistama. Lisaks on n\u00e4ha merelt kaugustesse s\u00fc\u00fcdatud l\u00f5kked. Kas teadsid, et see oli tuli, mis s\u00fc\u00fcdati rannas hilja peale j\u00e4\u00e4nud paadimeestele. Ole seekord paadimehe rollis \ud83d\ude42<\/li>\n<\/ul>\n<p>Muinastulede \u00f6\u00f6 on tore traditsioon, mis \u00fchendab mere\u00e4\u00e4rseid rahvaid ja n\u00e4itab meie \u00fchtekuuluvust. N\u00e4itame, et hoolime oma inimestest! Hoiame merd, mis meid \u00fchendab! Hoiame Eestit! Mere pealt on kogu linnakuma ja l\u00f5kked hoopis Teise ilmega! Kaua Sa seda l\u00f5ket l\u00e4hedalt ikka vaatad, eksole!? Seekord tule meiega merele ja vaata neid merelt! S\u00f5idu kestvus on 2h, <strong>kellaaeg 19:30-21:30<\/strong> (kogunemine <strong>19:00<\/strong>) \u00dcrituse kuup\u00e4ev: <strong>laup\u00e4ev 30.08.2025 <\/strong>Pilet: <strong>39\u20ac inimene, perepilet 139\u20ac (2 t\u00e4iskasvanut ja 2 last) <\/strong> Ole k\u00e4rme piletit broneerima, sest ajalugu n\u00e4itab, et l\u00e4hevad nagu soojad saiad \ud83d\ude42<\/p>\n<p><strong><del>19:30-21:30 V\u00c4LJAM\u00dc\u00dcDUD!<\/del><br \/>\n<span style=\"text-decoration: underline;\">LISAREIS: 21:45 &#8211; 23:45<\/span><\/strong><\/p>\n<ul>\n<li>V\u00f5ib kaasa v\u00f5tta oma s\u00f6\u00f6gi ja joogi (punane vein ja punased marjad j\u00e4tta kaldale).<\/li>\n<li>V\u00f5imalik osta perepilet.<\/li>\n<li>V\u00f5imalik rentida terve jaht privaatselt enda seltskonnale.<\/li>\n<\/ul>\n<p><strong>T\u00fchistamise tingimused:<\/strong> K\u00f5ik kes mingil p\u00f5hjusel s\u00fcndmusest osa v\u00f5tta ei saa, saavad ostetud piletit kasutada j\u00e4rgmise hooaja l\u00f5puni (30.10.2026) kas samal s\u00fcndmusel v\u00f5i meie p\u00e4ikeseloojangu purjereisil, endale sobival p\u00e4ikeseloojangu kuup\u00e4eval. Erandina kehtib 100% raha tagasi garantii tugeva vihmasaju v\u00f5i 15+m\/s tuule puhul.<\/p>\n","protected":false},"excerpt":{"rendered":"<p>Korraldame juba \u00fcle k\u00fcmne aasta j\u00e4rjest Muinastulede \u00f6\u00f6l Tallinna lahel jahis\u00f5ite. V\u00e4ljumised toimuvad Noblessneri jahisadamast. Tule ja vaata, kuidas Muinastuled meie esivanematele merelt paistsid! Alustame s\u00f5itu Noblessneri jahisadamast, kust p\u00f5ikame edasi Lennusadamasse, teeme seal v\u00e4ikese ringi ning suundume Kalasadamasse. Kui oleme seal v\u00e4ikese tiiru teinud k\u00f5ik koos, suundume edasi Pirita sadama suunas ja sealt tagasi [&hellip;]<\/p>\n","protected":false},"featured_media":26354,"template":"","meta":{"_et_pb_use_builder":"off","_et_pb_old_content":"Korraldame juba \u00fcle k\u00fcmne aasta j\u00e4rjest Muinastulede \u00f6\u00f6l Tallinna lahel jahis\u00f5ite. V\u00e4ljumised toimuvad Noblessneri jahisadamast. Tule ja vaata, kuidas Muinastuled meie esivanematele merelt paistsid!\r\n<ul>\r\n \t<li>Alustame s\u00f5itu Noblessneri jahisadamast, kust p\u00f5ikame edasi Lennusadamasse, teeme seal v\u00e4ikese ringi ning suundume Kalasadamasse. Kui oleme seal v\u00e4ikese tiiru teinud k\u00f5ik koos, suundume edasi Pirita sadama suunas ja sealt tagasi Noblessnerisse. Kogu ring v\u00f5tab aega umbes 2h.<\/li>\r\n \t<li>Lennusadamas toimuvad ka erinevad muusikalised elamused, mida l\u00e4hme jahtidega korraks uudistama. Lisaks on n\u00e4ha merelt kaugustesse s\u00fc\u00fcdatud l\u00f5kked. Kas teadsid, et see oli tuli, mis s\u00fc\u00fcdati rannas hilja peale j\u00e4\u00e4nud paadimeestele. Ole seekord paadimehe rollis :)<\/li>\r\n<\/ul>\r\nMuinastulede \u00f6\u00f6 on tore traditsioon, mis \u00fchendab mere\u00e4\u00e4rseid rahvaid ja n\u00e4itab meie \u00fchtekuuluvust.\r\nN\u00e4itame, et hoolime oma inimestest! Hoiame merd, mis meid \u00fchendab! Hoiame Eestit!\r\n\r\nMere pealt on kogu linnakuma ja l\u00f5kked hoopis Teise ilmega!\r\nKaua Sa seda l\u00f5ket l\u00e4hedalt ikka vaatad, eksole!? Seekord tule meiega merele ja vaata neid merelt!\r\n\r\nS\u00f5idu kestvus on 2h, <strong>kellaaeg 19:30-21:30<\/strong> (kogunemine <strong>19:00<\/strong>)\r\n\u00dcrituse kuup\u00e4ev: <strong>laup\u00e4ev 31.08.2024\r\n<\/strong>Pilet: <strong>39\u20ac inimene, perepilet 139\u20ac (2 t\u00e4iskasvanut ja 2 last)\r\n<\/strong>\r\n\r\nOle k\u00e4rme piletit broneerima, sest ajalugu n\u00e4itab, et l\u00e4hevad nagu soojad saiad :)\r\n<ul>\r\n \t<li>V\u00f5ib kaasa v\u00f5tta oma s\u00f6\u00f6gi ja joogi (punane vein ja punased marjad j\u00e4tta kaldale).<\/li>\r\n \t<li>V\u00f5imalik osta perepilet.<\/li>\r\n \t<li>V\u00f5imalik rentida terve jaht privaatselt enda seltskonnale.<\/li>\r\n<\/ul>\r\n<strong>T\u00fchistamise tingimused:<\/strong>\r\n\r\nK\u00f5ik kes mingil p\u00f5hjusel s\u00fcndmusest osa v\u00f5tta ei saa, saavad ostetud piletit kasutada j\u00e4rgmise hooaja l\u00f5puni (30.10.2024) kas samal s\u00fcndmusel v\u00f5i meie p\u00e4ikeseloojangu purjereisil, endale sobival p\u00e4ikeseloojangu kuup\u00e4eval.\r\n\r\nErandina kehtib 100% raha tagasi garantii tugeva vihmasaju v\u00f5i 15+m\/s tuule puhul.","_et_gb_content_width":"","inline_featured_image":false},"product_brand":[],"product_cat":[84],"product_tag":[],"class_list":{"0":"post-24082","1":"product","2":"type-product","3":"status-publish","4":"has-post-thumbnail","6":"product_cat-tickets","8":"first","9":"instock","10":"shipping-taxable","11":"purchasable","12":"product-type-variable"},"yoast_head":"<!-- This site is optimized with the Yoast SEO plugin v27.4 - https:\/\/yoast.com\/product\/yoast-seo-wordpress\/ -->\n<title>Ancient lights night sailing trip on Tallinn Bay - Purjereisid.ee<\/title>\n<meta name=\"robots\" content=\"index, follow, max-snippet:-1, max-image-preview:large, max-video-preview:-1\" \/>\n<link rel=\"canonical\" href=\"https:\/\/purjereisid.ee\/en\/piletid\/ancient-lights-night-sailing-trip-on-tallinn-bay\/\" \/>\n<meta property=\"og:locale\" content=\"en_US\" \/>\n<meta property=\"og:type\" content=\"article\" \/>\n<meta property=\"og:title\" content=\"Ancient lights night sailing trip on Tallinn Bay - Purjereisid.ee\" \/>\n<meta property=\"og:description\" content=\"Korraldame juba \u00fcle k\u00fcmne aasta j\u00e4rjest Muinastulede \u00f6\u00f6l Tallinna lahel jahis\u00f5ite. V\u00e4ljumised toimuvad Noblessneri jahisadamast. Tule ja vaata, kuidas Muinastuled meie esivanematele merelt paistsid! Alustame s\u00f5itu Noblessneri jahisadamast, kust p\u00f5ikame edasi Lennusadamasse, teeme seal v\u00e4ikese ringi ning suundume Kalasadamasse. Kui oleme seal v\u00e4ikese tiiru teinud k\u00f5ik koos, suundume edasi Pirita sadama suunas ja sealt tagasi [&hellip;]\" \/>\n<meta property=\"og:url\" content=\"https:\/\/purjereisid.ee\/en\/piletid\/ancient-lights-night-sailing-trip-on-tallinn-bay\/\" \/>\n<meta property=\"og:site_name\" content=\"Purjereisid.ee\" \/>\n<meta property=\"article:modified_time\" content=\"2025-08-25T09:05:51+00:00\" \/>\n<meta property=\"og:image\" content=\"https:\/\/purjereisid.ee\/wp-content\/uploads\/2023\/07\/captivating-coastal-sunset-with-beach-bonfire-min-scaled.jpg\" \/>\n\t<meta property=\"og:image:width\" content=\"2560\" \/>\n\t<meta property=\"og:image:height\" content=\"1435\" \/>\n\t<meta property=\"og:image:type\" content=\"image\/jpeg\" \/>\n<meta name=\"twitter:card\" content=\"summary_large_image\" \/>\n<meta name=\"twitter:label1\" content=\"Est. reading time\" \/>\n\t<meta name=\"twitter:data1\" content=\"1 minute\" \/>\n<script type=\"application\/ld+json\" class=\"yoast-schema-graph\">{\"@context\":\"https:\\\/\\\/schema.org\",\"@graph\":[{\"@type\":\"WebPage\",\"@id\":\"https:\\\/\\\/purjereisid.ee\\\/en\\\/piletid\\\/ancient-lights-night-sailing-trip-on-tallinn-bay\\\/\",\"url\":\"https:\\\/\\\/purjereisid.ee\\\/en\\\/piletid\\\/ancient-lights-night-sailing-trip-on-tallinn-bay\\\/\",\"name\":\"Ancient lights night sailing trip on Tallinn Bay - Purjereisid.ee\",\"isPartOf\":{\"@id\":\"https:\\\/\\\/purjereisid.ee\\\/#website\"},\"primaryImageOfPage\":{\"@id\":\"https:\\\/\\\/purjereisid.ee\\\/en\\\/piletid\\\/ancient-lights-night-sailing-trip-on-tallinn-bay\\\/#primaryimage\"},\"image\":{\"@id\":\"https:\\\/\\\/purjereisid.ee\\\/en\\\/piletid\\\/ancient-lights-night-sailing-trip-on-tallinn-bay\\\/#primaryimage\"},\"thumbnailUrl\":\"https:\\\/\\\/purjereisid.ee\\\/wp-content\\\/uploads\\\/2023\\\/07\\\/captivating-coastal-sunset-with-beach-bonfire-min-scaled.jpg\",\"datePublished\":\"2023-07-17T10:00:37+00:00\",\"dateModified\":\"2025-08-25T09:05:51+00:00\",\"breadcrumb\":{\"@id\":\"https:\\\/\\\/purjereisid.ee\\\/en\\\/piletid\\\/ancient-lights-night-sailing-trip-on-tallinn-bay\\\/#breadcrumb\"},\"inLanguage\":\"en-US\",\"potentialAction\":[{\"@type\":\"ReadAction\",\"target\":[\"https:\\\/\\\/purjereisid.ee\\\/en\\\/piletid\\\/ancient-lights-night-sailing-trip-on-tallinn-bay\\\/\"]}]},{\"@type\":\"ImageObject\",\"inLanguage\":\"en-US\",\"@id\":\"https:\\\/\\\/purjereisid.ee\\\/en\\\/piletid\\\/ancient-lights-night-sailing-trip-on-tallinn-bay\\\/#primaryimage\",\"url\":\"https:\\\/\\\/purjereisid.ee\\\/wp-content\\\/uploads\\\/2023\\\/07\\\/captivating-coastal-sunset-with-beach-bonfire-min-scaled.jpg\",\"contentUrl\":\"https:\\\/\\\/purjereisid.ee\\\/wp-content\\\/uploads\\\/2023\\\/07\\\/captivating-coastal-sunset-with-beach-bonfire-min-scaled.jpg\",\"width\":2560,\"height\":1435,\"caption\":\"muinastulede \u00f6\u00f6\"},{\"@type\":\"BreadcrumbList\",\"@id\":\"https:\\\/\\\/purjereisid.ee\\\/en\\\/piletid\\\/ancient-lights-night-sailing-trip-on-tallinn-bay\\\/#breadcrumb\",\"itemListElement\":[{\"@type\":\"ListItem\",\"position\":1,\"name\":\"Home\",\"item\":\"https:\\\/\\\/purjereisid.ee\\\/\"},{\"@type\":\"ListItem\",\"position\":2,\"name\":\"Purjereisid piletid\",\"item\":\"https:\\\/\\\/purjereisid.ee\\\/piletid\\\/\"},{\"@type\":\"ListItem\",\"position\":3,\"name\":\"Ancient lights night sailing trip on Tallinn Bay\"}]},{\"@type\":\"WebSite\",\"@id\":\"https:\\\/\\\/purjereisid.ee\\\/#website\",\"url\":\"https:\\\/\\\/purjereisid.ee\\\/\",\"name\":\"Purjereisid.ee\",\"description\":\"P&auml;ikeseloojangu purjereisid Tallinna lahel\",\"potentialAction\":[{\"@type\":\"SearchAction\",\"target\":{\"@type\":\"EntryPoint\",\"urlTemplate\":\"https:\\\/\\\/purjereisid.ee\\\/?s={search_term_string}\"},\"query-input\":{\"@type\":\"PropertyValueSpecification\",\"valueRequired\":true,\"valueName\":\"search_term_string\"}}],\"inLanguage\":\"en-US\"}]}<\/script>\n<!-- \/ Yoast SEO plugin. -->","yoast_head_json":{"title":"Ancient lights night sailing trip on Tallinn Bay - Purjereisid.ee","robots":{"index":"index","follow":"follow","max-snippet":"max-snippet:-1","max-image-preview":"max-image-preview:large","max-video-preview":"max-video-preview:-1"},"canonical":"https:\/\/purjereisid.ee\/en\/piletid\/ancient-lights-night-sailing-trip-on-tallinn-bay\/","og_locale":"en_US","og_type":"article","og_title":"Ancient lights night sailing trip on Tallinn Bay - Purjereisid.ee","og_description":"Korraldame juba \u00fcle k\u00fcmne aasta j\u00e4rjest Muinastulede \u00f6\u00f6l Tallinna lahel jahis\u00f5ite. V\u00e4ljumised toimuvad Noblessneri jahisadamast. Tule ja vaata, kuidas Muinastuled meie esivanematele merelt paistsid! Alustame s\u00f5itu Noblessneri jahisadamast, kust p\u00f5ikame edasi Lennusadamasse, teeme seal v\u00e4ikese ringi ning suundume Kalasadamasse. Kui oleme seal v\u00e4ikese tiiru teinud k\u00f5ik koos, suundume edasi Pirita sadama suunas ja sealt tagasi [&hellip;]","og_url":"https:\/\/purjereisid.ee\/en\/piletid\/ancient-lights-night-sailing-trip-on-tallinn-bay\/","og_site_name":"Purjereisid.ee","article_modified_time":"2025-08-25T09:05:51+00:00","og_image":[{"width":2560,"height":1435,"url":"https:\/\/purjereisid.ee\/wp-content\/uploads\/2023\/07\/captivating-coastal-sunset-with-beach-bonfire-min-scaled.jpg","type":"image\/jpeg"}],"twitter_card":"summary_large_image","twitter_misc":{"Est. reading time":"1 minute"},"schema":{"@context":"https:\/\/schema.org","@graph":[{"@type":"WebPage","@id":"https:\/\/purjereisid.ee\/en\/piletid\/ancient-lights-night-sailing-trip-on-tallinn-bay\/","url":"https:\/\/purjereisid.ee\/en\/piletid\/ancient-lights-night-sailing-trip-on-tallinn-bay\/","name":"Ancient lights night sailing trip on Tallinn Bay - Purjereisid.ee","isPartOf":{"@id":"https:\/\/purjereisid.ee\/#website"},"primaryImageOfPage":{"@id":"https:\/\/purjereisid.ee\/en\/piletid\/ancient-lights-night-sailing-trip-on-tallinn-bay\/#primaryimage"},"image":{"@id":"https:\/\/purjereisid.ee\/en\/piletid\/ancient-lights-night-sailing-trip-on-tallinn-bay\/#primaryimage"},"thumbnailUrl":"https:\/\/purjereisid.ee\/wp-content\/uploads\/2023\/07\/captivating-coastal-sunset-with-beach-bonfire-min-scaled.jpg","datePublished":"2023-07-17T10:00:37+00:00","dateModified":"2025-08-25T09:05:51+00:00","breadcrumb":{"@id":"https:\/\/purjereisid.ee\/en\/piletid\/ancient-lights-night-sailing-trip-on-tallinn-bay\/#breadcrumb"},"inLanguage":"en-US","potentialAction":[{"@type":"ReadAction","target":["https:\/\/purjereisid.ee\/en\/piletid\/ancient-lights-night-sailing-trip-on-tallinn-bay\/"]}]},{"@type":"ImageObject","inLanguage":"en-US","@id":"https:\/\/purjereisid.ee\/en\/piletid\/ancient-lights-night-sailing-trip-on-tallinn-bay\/#primaryimage","url":"https:\/\/purjereisid.ee\/wp-content\/uploads\/2023\/07\/captivating-coastal-sunset-with-beach-bonfire-min-scaled.jpg","contentUrl":"https:\/\/purjereisid.ee\/wp-content\/uploads\/2023\/07\/captivating-coastal-sunset-with-beach-bonfire-min-scaled.jpg","width":2560,"height":1435,"caption":"muinastulede \u00f6\u00f6"},{"@type":"BreadcrumbList","@id":"https:\/\/purjereisid.ee\/en\/piletid\/ancient-lights-night-sailing-trip-on-tallinn-bay\/#breadcrumb","itemListElement":[{"@type":"ListItem","position":1,"name":"Home","item":"https:\/\/purjereisid.ee\/"},{"@type":"ListItem","position":2,"name":"Purjereisid piletid","item":"https:\/\/purjereisid.ee\/piletid\/"},{"@type":"ListItem","position":3,"name":"Ancient lights night sailing trip on Tallinn Bay"}]},{"@type":"WebSite","@id":"https:\/\/purjereisid.ee\/#website","url":"https:\/\/purjereisid.ee\/","name":"Purjereisid.ee","description":"P&auml;ikeseloojangu purjereisid Tallinna lahel","potentialAction":[{"@type":"SearchAction","target":{"@type":"EntryPoint","urlTemplate":"https:\/\/purjereisid.ee\/?s={search_term_string}"},"query-input":{"@type":"PropertyValueSpecification","valueRequired":true,"valueName":"search_term_string"}}],"inLanguage":"en-US"}]}},"_links":{"self":[{"href":"https:\/\/purjereisid.ee\/en\/wp-json\/wp\/v2\/product\/24082","targetHints":{"allow":["GET"]}}],"collection":[{"href":"https:\/\/purjereisid.ee\/en\/wp-json\/wp\/v2\/product"}],"about":[{"href":"https:\/\/purjereisid.ee\/en\/wp-json\/wp\/v2\/types\/product"}],"wp:featuredmedia":[{"embeddable":true,"href":"https:\/\/purjereisid.ee\/en\/wp-json\/wp\/v2\/media\/26354"}],"wp:attachment":[{"href":"https:\/\/purjereisid.ee\/en\/wp-json\/wp\/v2\/media?parent=24082"}],"wp:term":[{"taxonomy":"product_brand","embeddable":true,"href":"https:\/\/purjereisid.ee\/en\/wp-json\/wp\/v2\/product_brand?post=24082"},{"taxonomy":"product_cat","embeddable":true,"href":"https:\/\/purjereisid.ee\/en\/wp-json\/wp\/v2\/product_cat?post=24082"},{"taxonomy":"product_tag","embeddable":true,"href":"https:\/\/purjereisid.ee\/en\/wp-json\/wp\/v2\/product_tag?post=24082"}],"curies":[{"name":"wp","href":"https:\/\/api.w.org\/{rel}","templated":true}]}}